{"id":473,"date":"2022-02-27T09:47:02","date_gmt":"2022-02-27T08:47:02","guid":{"rendered":"http:\/\/vstabor.orlicemb.cz\/subdom\/vstabor\/?page_id=473"},"modified":"2025-04-06T20:37:17","modified_gmt":"2025-04-06T19:37:17","slug":"ke-stazeni","status":"publish","type":"page","link":"https:\/\/vstabor.orlicemb.cz\/subdom\/vstabor\/ke-stazeni\/","title":{"rendered":"Ke sta\u017een\u00ed"},"content":{"rendered":"<h3 style=\"text-align: center;\"><a href=\"http:\/\/vstabor.orlicemb.cz\/subdom\/vstabor\/wp-content\/uploads\/2022\/02\/Vzor_posudku_zdravotn\u00ed_zp\u016fsobilosti.pdf\">Vzor_posudku_zdravotn\u00ed_zp\u016fsobilosti<\/a><\/h3>\n<h3 style=\"text-align: center;\"><a href=\"http:\/\/vstabor.orlicemb.cz\/subdom\/vstabor\/wp-content\/uploads\/2022\/02\/Bezinfek\u010dnost-p\u0159ed-odjezdem-1.pdf\">Bezinfek\u010dnost p\u0159ed odjezdem<\/a><\/h3>\n","protected":false},"excerpt":{"rendered":"<p>Vzor_posudku_zdravotn\u00ed_zp\u016fsobilosti Bezinfek\u010dnost p\u0159ed odjezdem<\/p>\n","protected":false},"author":1,"featured_media":0,"parent":0,"menu_order":0,"comment_status":"closed","ping_status":"closed","template":"","meta":[],"_links":{"self":[{"href":"https:\/\/vstabor.orlicemb.cz\/subdom\/vstabor\/wp-json\/wp\/v2\/pages\/473"}],"collection":[{"href":"https:\/\/vstabor.orlicemb.cz\/subdom\/vstabor\/wp-json\/wp\/v2\/pages"}],"about":[{"href":"https:\/\/vstabor.orlicemb.cz\/subdom\/vstabor\/wp-json\/wp\/v2\/types\/page"}],"author":[{"embeddable":true,"href":"https:\/\/vstabor.orlicemb.cz\/subdom\/vstabor\/wp-json\/wp\/v2\/users\/1"}],"replies":[{"embeddable":true,"href":"https:\/\/vstabor.orlicemb.cz\/subdom\/vstabor\/wp-json\/wp\/v2\/comments?post=473"}],"version-history":[{"count":6,"href":"https:\/\/vstabor.orlicemb.cz\/subdom\/vstabor\/wp-json\/wp\/v2\/pages\/473\/revisions"}],"predecessor-version":[{"id":524,"href":"https:\/\/vstabor.orlicemb.cz\/subdom\/vstabor\/wp-json\/wp\/v2\/pages\/473\/revisions\/524"}],"wp:attachment":[{"href":"https:\/\/vstabor.orlicemb.cz\/subdom\/vstabor\/wp-json\/wp\/v2\/media?parent=473"}],"curies":[{"name":"wp","href":"https:\/\/api.w.org\/{rel}","templated":true}]}}