{"id":548,"date":"2025-06-09T01:02:39","date_gmt":"2025-06-09T00:02:39","guid":{"rendered":"https:\/\/vstabor.orlicemb.cz\/subdom\/vstabor\/?page_id=548"},"modified":"2025-06-09T01:14:20","modified_gmt":"2025-06-09T00:14:20","slug":"vlcci-a-svetylka","status":"publish","type":"page","link":"https:\/\/vstabor.orlicemb.cz\/subdom\/vstabor\/vlcci-a-svetylka\/","title":{"rendered":"Vl\u010dci a sv\u011bt\u00fdlka"},"content":{"rendered":"\n<p>Na t\u00e1bo\u0159e bude mo\u017enost splnit r\u016fzn\u00e9 odborky &#8211; sada \u00fakol\u016f zam\u011b\u0159en\u00e1 na rozvoj v jedn\u00e9 konkr\u00e9tn\u00ed oblasti kter\u00e1 sv\u011btlu\u0161ku\/vl\u010de bav\u00ed a zaj\u00edm\u00e1. Pro t\u00e1bor jsme p\u0159ipravili na v\u00fdb\u011br z t\u011bchto 5 odborek: <em>Sportovkyn\u011b\/Sportovec, T\u00e1bornice\/T\u00e1born\u00edk, V\u00fdtvarnice\/V\u00fdtvarn\u00edk, Kutilka\/Kutil a Zdravotnice\/Zdravotn\u00edk.<\/em><\/p>\n\n\n\n<p><strong>Podrobn\u011bji o odbork\u00e1ch:<\/strong><\/p>\n\n\n\n<ul>\n<li>Ka\u017ed\u00e1 odborka m\u00e1 deset \u00fakol\u016f. Prvn\u00ed je stejn\u00fd jako ve stezce. Podporuje start v pln\u011bn\u00ed (Jup\u00ed, u\u017e jeden \u00fakol m\u00e1m!) a prov\u00e1zanost stezek a odborek (v r\u00e1mci v\u0161eobecn\u00e9ho rozvoje stezek si vl\u010de, sv\u011btlu\u0161ka \u010di \u017eabi\u010dka vyb\u00edr\u00e1, \u010demu by se cht\u011bl\/a v\u011bnovat podrobn\u011bji v r\u00e1mci odborky).<\/li>\n\n\n\n<li>Pro z\u00edsk\u00e1n\u00ed odborky je pot\u0159eba splnit osm \u00fakol\u016f, vl\u010de\/sv\u011btlu\u0161ka si samo vyb\u00edr\u00e1, kter\u00e9 to budou.<\/li>\n\n\n\n<li>Spln\u011bn\u00fd \u00fakol si vl\u010de\/sv\u011btlu\u0161ka od\u0161krtne a vedouc\u00ed, nebo n\u011bkdo j\u00edm pov\u011b\u0159en\u00fd, ho podep\u00ed\u0161e.<\/li>\n\n\n\n<li>Za spln\u011bnou odborku vl\u010de\/sv\u011btlu\u0161ka z\u00edsk\u00e1v\u00e1 n\u00e1\u0161ivku coby p\u0159ipom\u00ednku pln\u011bn\u00ed a mo\u017enost uk\u00e1zat ostatn\u00edm svou odbornost na kroji. N\u00e1\u0161ivka se nos\u00ed na prav\u00e9m ruk\u00e1vu, pod znakem WAGGGS a WOSM.<\/li>\n\n\n\n<li>\u00dakol je mo\u017en\u00e9 po dohod\u011b s vedouc\u00ed\/m upravit podle individu\u00e1ln\u00edch pot\u0159eb, pop\u0159. vn\u011bj\u0161\u00edch podm\u00ednek. V\u017edy ale tak, aby byl zachov\u00e1n smysl \u00fakolu.<\/li>\n\n\n\n<li>Odborka se ned\u00e1 splnit za jednu sch\u016fzku \u010di v\u00fdpravu. Je pot\u0159eba vl\u010data a sv\u011btlu\u0161ky \u010di \u017eabi\u010dky podpo\u0159it, aby vytrvali, a nab\u00edzet jim prostor, kdy ji mohou plnit.<\/li>\n\n\n\n<li>Dal\u0161\u00ed informace a konkr\u00e9tn\u00ed \u00fakoly naleznete na: <a rel=\"noreferrer noopener\" href=\"https:\/\/vlcciasvetylka.skaut.cz\/\" target=\"_blank\">https:\/\/vlcciasvetylka.skaut.cz\/<\/a>.<\/li>\n<\/ul>\n\n\n<div class=\"wp-block-image\">\n<figure class=\"aligncenter size-full\"><a href=\"https:\/\/vstabor.orlicemb.cz\/subdom\/vstabor\/wp-content\/uploads\/2025\/06\/image.png\"><img decoding=\"async\" loading=\"lazy\" width=\"369\" height=\"591\" src=\"https:\/\/vstabor.orlicemb.cz\/subdom\/vstabor\/wp-content\/uploads\/2025\/06\/image.png\" alt=\"\" class=\"wp-image-554\" srcset=\"https:\/\/vstabor.orlicemb.cz\/subdom\/vstabor\/wp-content\/uploads\/2025\/06\/image.png 369w, https:\/\/vstabor.orlicemb.cz\/subdom\/vstabor\/wp-content\/uploads\/2025\/06\/image-187x300.png 187w\" sizes=\"(max-width: 369px) 100vw, 369px\" \/><\/a><\/figure><\/div>","protected":false},"excerpt":{"rendered":"<p>Na t\u00e1bo\u0159e bude mo\u017enost splnit r\u016fzn\u00e9 odborky &#8211; sada \u00fakol\u016f zam\u011b\u0159en\u00e1 na rozvoj v jedn\u00e9 konkr\u00e9tn\u00ed oblasti kter\u00e1 sv\u011btlu\u0161ku\/vl\u010de bav\u00ed a zaj\u00edm\u00e1. Pro t\u00e1bor jsme p\u0159ipravili na v\u00fdb\u011br z t\u011bchto 5 odborek: Sportovkyn\u011b\/Sportovec, T\u00e1bornice\/T\u00e1born\u00edk, V\u00fdtvarnice\/V\u00fdtvarn\u00edk, Kutilka\/Kutil a Zdravotnice\/Zdravotn\u00edk. Podrobn\u011bji o odbork\u00e1ch:<\/p>\n","protected":false},"author":1,"featured_media":0,"parent":0,"menu_order":0,"comment_status":"closed","ping_status":"closed","template":"","meta":[],"_links":{"self":[{"href":"https:\/\/vstabor.orlicemb.cz\/subdom\/vstabor\/wp-json\/wp\/v2\/pages\/548"}],"collection":[{"href":"https:\/\/vstabor.orlicemb.cz\/subdom\/vstabor\/wp-json\/wp\/v2\/pages"}],"about":[{"href":"https:\/\/vstabor.orlicemb.cz\/subdom\/vstabor\/wp-json\/wp\/v2\/types\/page"}],"author":[{"embeddable":true,"href":"https:\/\/vstabor.orlicemb.cz\/subdom\/vstabor\/wp-json\/wp\/v2\/users\/1"}],"replies":[{"embeddable":true,"href":"https:\/\/vstabor.orlicemb.cz\/subdom\/vstabor\/wp-json\/wp\/v2\/comments?post=548"}],"version-history":[{"count":4,"href":"https:\/\/vstabor.orlicemb.cz\/subdom\/vstabor\/wp-json\/wp\/v2\/pages\/548\/revisions"}],"predecessor-version":[{"id":556,"href":"https:\/\/vstabor.orlicemb.cz\/subdom\/vstabor\/wp-json\/wp\/v2\/pages\/548\/revisions\/556"}],"wp:attachment":[{"href":"https:\/\/vstabor.orlicemb.cz\/subdom\/vstabor\/wp-json\/wp\/v2\/media?parent=548"}],"curies":[{"name":"wp","href":"https:\/\/api.w.org\/{rel}","templated":true}]}}